{"id":2073,"date":"2024-07-08T17:34:12","date_gmt":"2024-07-08T15:34:12","guid":{"rendered":"https:\/\/mcsantos.com\/?post_type=product&#038;p=2073"},"modified":"2025-03-31T15:50:05","modified_gmt":"2025-03-31T13:50:05","slug":"pack-ride-or-die","status":"publish","type":"product","link":"https:\/\/mcsantos.com\/index.php\/product\/pack-ride-or-die\/","title":{"rendered":"PACK RIDE OR DIE"},"content":{"rendered":"<p>T-SHIRT + SNAPBACK CAP + USB KEY with Album included and 4gb STOCKAGE<\/p>\n","protected":false},"excerpt":{"rendered":"<p>T-SHIRT + SNAPBACK CAP + USB KEY with Album included and 4gb STOCKAGE<\/p>\n<p>T-SHIRT MC Santos inspired by American sources. Personalized by MC Santos.<\/p>\n<ul>\n<li>100% COTON<\/li>\n<li>BLACK &amp; WHITE<\/li>\n<li>LOGO MC Santos embroider on the front<\/li>\n<li>LOGO MC Santos printed on the back<\/li>\n<\/ul>\n<p>SNAPBACK CAP MC Santos Unique Size inspired by American sources. Personalized by MC Santos.<\/p>\n<ul>\n<li>100% COTON<\/li>\n<li>BLACK &amp; WHITE<\/li>\n<li>LOGO MC Santos embroider<\/li>\n<\/ul>\n<p>BULLET USB KEY 4gb STOCKAGE ALBUM INCLUDED<\/p>\n<ul>\n<li>ALDUM RIDE OR DIE (10 TRACKS)<\/li>\n<li>ALBUM RIDE OR DIE REEDITION (5 TRACKS)<\/li>\n<li>LOGO MC Santos PRINTED<\/li>\n<\/ul>\n<p>Export price is to guarantee quality and safe delivery with tracking number !!!<\/p>\n<p>Le prix d&#8217;exportation est pour garantir la qualit\u00e9 et une livraison s\u00fbre avec numero de tracking !!!<\/p>\n<p>Pre\u00e7o de exporta\u00e7\u00e3o \u00e9 para garantir uma entrega de qualidade e segura com numero de tracking !!!<\/p>\n<p>SELECT YOUR T-SHIRT SIZE !!!<\/p>\n","protected":false},"featured_media":2077,"comment_status":"open","ping_status":"closed","template":"","meta":[],"etheme_brands":[],"product_brand":[],"product_cat":[67],"product_tag":[],"class_list":{"0":"post-2073","1":"product","2":"type-product","3":"status-publish","4":"has-post-thumbnail","6":"product_cat-pack","7":"product_shipping_class-l","9":"first","10":"instock","11":"sold-individually","12":"taxable","13":"shipping-taxable","14":"purchasable","15":"product-type-variable"},"aioseo_notices":[],"_links":{"self":[{"href":"https:\/\/mcsantos.com\/index.php\/wp-json\/wp\/v2\/product\/2073","targetHints":{"allow":["GET"]}}],"collection":[{"href":"https:\/\/mcsantos.com\/index.php\/wp-json\/wp\/v2\/product"}],"about":[{"href":"https:\/\/mcsantos.com\/index.php\/wp-json\/wp\/v2\/types\/product"}],"replies":[{"embeddable":true,"href":"https:\/\/mcsantos.com\/index.php\/wp-json\/wp\/v2\/comments?post=2073"}],"version-history":[{"count":3,"href":"https:\/\/mcsantos.com\/index.php\/wp-json\/wp\/v2\/product\/2073\/revisions"}],"predecessor-version":[{"id":2106,"href":"https:\/\/mcsantos.com\/index.php\/wp-json\/wp\/v2\/product\/2073\/revisions\/2106"}],"wp:featuredmedia":[{"embeddable":true,"href":"https:\/\/mcsantos.com\/index.php\/wp-json\/wp\/v2\/media\/2077"}],"wp:attachment":[{"href":"https:\/\/mcsantos.com\/index.php\/wp-json\/wp\/v2\/media?parent=2073"}],"wp:term":[{"taxonomy":"brand","embeddable":true,"href":"https:\/\/mcsantos.com\/index.php\/wp-json\/wp\/v2\/etheme_brands?post=2073"},{"taxonomy":"product_brand","embeddable":true,"href":"https:\/\/mcsantos.com\/index.php\/wp-json\/wp\/v2\/product_brand?post=2073"},{"taxonomy":"product_cat","embeddable":true,"href":"https:\/\/mcsantos.com\/index.php\/wp-json\/wp\/v2\/product_cat?post=2073"},{"taxonomy":"product_tag","embeddable":true,"href":"https:\/\/mcsantos.com\/index.php\/wp-json\/wp\/v2\/product_tag?post=2073"}],"curies":[{"name":"wp","href":"https:\/\/api.w.org\/{rel}","templated":true}]}}